{"id":34,"date":"2023-11-01T12:42:56","date_gmt":"2023-11-01T11:42:56","guid":{"rendered":"https:\/\/lamainalapatte38.com\/?page_id=34"},"modified":"2024-04-05T18:31:30","modified_gmt":"2024-04-05T16:31:30","slug":"tarifs","status":"publish","type":"page","link":"https:\/\/lamainalapatte38.com\/index.php\/tarifs\/","title":{"rendered":"Tarifs"},"content":{"rendered":"\n<h3 class=\"wp-block-heading\"><strong>Comportement \/ \u00c9ducation<\/strong><\/h3>\n\n\n\n<div class=\"wp-block-columns is-layout-flex wp-container-core-columns-is-layout-2 wp-block-columns-is-layout-flex\">\n<div class=\"wp-block-column is-layout-flow wp-block-column-is-layout-flow\" style=\"flex-basis:100%\">\n<figure class=\"wp-block-table\"><table><tbody><tr><td>BILAN COMPORTEMENTAL<br>(1h30 \u00e0 2h)<\/td><td class=\"has-text-align-center\" data-align=\"center\"> 65 euros<\/td><\/tr><tr><td>S\u00c9ANCE DE COACHING INDIVIDUEL <br>(1h)<\/td><td class=\"has-text-align-center\" data-align=\"center\">40 euros<\/td><\/tr><tr><td>FORFAIT BILAN + 3&nbsp;S\u00c9ANCES <br>(validit\u00e9 6 mois)<\/td><td class=\"has-text-align-center\" data-align=\"center\">165 euros<\/td><\/tr><tr><td>FORFAIT 5 S\u00c9ANCES <br>(validit\u00e9 6 mois)<\/td><td class=\"has-text-align-center\" data-align=\"center\">175 euros<\/td><\/tr><tr><td>CONSEILS ADOPTION <br>(1h)<\/td><td class=\"has-text-align-center\" data-align=\"center\">35 euros<\/td><\/tr><tr><td>BALADE \u00c9DUCATIVE <br>(1h)<\/td><td class=\"has-text-align-center\" data-align=\"center\">25 euros<\/td><\/tr><\/tbody><\/table><\/figure>\n\n\n\n<p>Pour tout d\u00e9placement comportement \/ \u00e9ducation au-del\u00e0 de 10 kms de mon domicile, il sera factur\u00e9 0,50\u20ac par kilom\u00e8tre suppl\u00e9mentaire<\/p>\n\n\n\n<div class=\"wp-block-columns is-layout-flex wp-container-core-columns-is-layout-1 wp-block-columns-is-layout-flex\">\n<div class=\"wp-block-column is-layout-flow wp-block-column-is-layout-flow\" style=\"flex-basis:66.66%\"><\/div>\n\n\n\n<div class=\"wp-block-column is-layout-flow wp-block-column-is-layout-flow\" style=\"flex-basis:33.33%\"><\/div>\n<\/div>\n\n\n\n<h3 class=\"wp-block-heading\"><strong>R\u00e9cr\u00e9a&rsquo;chiots<\/strong> <\/h3>\n\n\n\n<p>S\u00e9ances collectives max. 4 chiots<\/p>\n\n\n\n<p>10 euros la s\u00e9ance (1 heure)<\/p>\n\n\n\n<p>Forfait 5 s\u00e9ances : 45\u20ac<\/p>\n\n\n\n<p>Forfait 10 s\u00e9ances : 80\u20ac<\/p>\n\n\n\n<p>Conditions requises : <\/p>\n\n\n\n<p>Chiots de 2 \u00e0 6 mois maximum, vaccins \u00e0 jour dont la toux du chenil obligatoire<\/p>\n\n\n\n<p>Premier contact obligatoire avant inscription<\/p>\n<\/div>\n<\/div>\n\n\n\n<h3 class=\"wp-block-heading\"><strong>Visites \u00e0 domicile<\/strong><\/h3>\n\n\n\n<p>Pour les visites \u00e0 domicile, je me d\u00e9place dans un rayon de 5 kms, au-del\u00e0 ajouter 0,50 \u20ac par kilom\u00e8tre suppl\u00e9mentaire. <\/p>\n\n\n\n<p>Visite \/balade de 30 mns : 11\u20ac pour un chien \/  16\u20ac pour 2 chiens                             <br><br>Visite \/balade d&rsquo;une heure : 20\u20ac pour un chien \/ 30\u20ac pour 2 chiens<br>                                             <br>                            <\/p>\n\n\n\n<p>Possibilit\u00e9 de forfaits. N&rsquo;h\u00e9sitez pas \u00e0 me demander un devis pour toute prestation personnalis\u00e9e.<br><\/p>\n\n\n\n\n","protected":false},"excerpt":{"rendered":"<p>Comportement \/ \u00c9ducation BILAN COMPORTEMENTAL(1h30 \u00e0 2h) 65 euros S\u00c9ANCE DE COACHING INDIVIDUEL (1h) 40 euros FORFAIT BILAN + 3&nbsp;S\u00c9ANCES (validit\u00e9 6 mois) 165 euros FORFAIT 5 S\u00c9ANCES (validit\u00e9 6 mois) 175 euros CONSEILS ADOPTION (1h) 35 euros BALADE \u00c9DUCATIVE (1h) 25 euros Pour tout d\u00e9placement comportement \/ \u00e9ducation au-del\u00e0 de 10 kms de mon&hellip; <a class=\"more-link\" href=\"https:\/\/lamainalapatte38.com\/index.php\/tarifs\/\">Poursuivre la lecture <span class=\"screen-reader-text\">Tarifs<\/span><\/a><\/p>\n","protected":false},"author":1,"featured_media":0,"parent":0,"menu_order":0,"comment_status":"closed","ping_status":"closed","template":"","meta":{"footnotes":""},"_links":{"self":[{"href":"https:\/\/lamainalapatte38.com\/index.php\/wp-json\/wp\/v2\/pages\/34"}],"collection":[{"href":"https:\/\/lamainalapatte38.com\/index.php\/wp-json\/wp\/v2\/pages"}],"about":[{"href":"https:\/\/lamainalapatte38.com\/index.php\/wp-json\/wp\/v2\/types\/page"}],"author":[{"embeddable":true,"href":"https:\/\/lamainalapatte38.com\/index.php\/wp-json\/wp\/v2\/users\/1"}],"replies":[{"embeddable":true,"href":"https:\/\/lamainalapatte38.com\/index.php\/wp-json\/wp\/v2\/comments?post=34"}],"version-history":[{"count":22,"href":"https:\/\/lamainalapatte38.com\/index.php\/wp-json\/wp\/v2\/pages\/34\/revisions"}],"predecessor-version":[{"id":249,"href":"https:\/\/lamainalapatte38.com\/index.php\/wp-json\/wp\/v2\/pages\/34\/revisions\/249"}],"wp:attachment":[{"href":"https:\/\/lamainalapatte38.com\/index.php\/wp-json\/wp\/v2\/media?parent=34"}],"curies":[{"name":"wp","href":"https:\/\/api.w.org\/{rel}","templated":true}]}}