{"id":35,"date":"2023-11-01T12:42:56","date_gmt":"2023-11-01T11:42:56","guid":{"rendered":"https:\/\/lamainalapatte38.com\/?page_id=35"},"modified":"2024-11-15T16:13:24","modified_gmt":"2024-11-15T15:13:24","slug":"services","status":"publish","type":"page","link":"https:\/\/lamainalapatte38.com\/index.php\/services\/","title":{"rendered":"Prestations"},"content":{"rendered":"\n<h2 class=\"wp-block-heading\">Bilan comportemental<\/h2>\n\n\n\n<p>Il s&rsquo;agit d&rsquo;un entretien \u00e0 votre domicile indispensable avant la mise en place d&rsquo;un programme \u00e9ducatif. Il permet de conna\u00eetre les conditions d&rsquo;\u00e9levage et de d\u00e9veloppement du chien, ses conditions de vie au sein du foyer, les probl\u00e9matiques rencontr\u00e9es ainsi que vos attentes. <br>A partir de ces informations, je vous proposerai un plan d&rsquo;action et des conseils adapt\u00e9s \u00e0 la personnalit\u00e9 de votre animal ainsi qu&rsquo;\u00e0 votre mode de vie.<\/p>\n\n\n\n<p><\/p>\n\n\n\n<h2 class=\"wp-block-heading\">\u00c9ducation<\/h2>\n\n\n\n<p>Je vous propose des s\u00e9ances individuelles personnalis\u00e9es \u00e0 domicile ou en ext\u00e9rieur selon les besoins. Un bilan est obligatoire avant toute premi\u00e8re s\u00e9ance.<\/p>\n\n\n\n<p><\/p>\n\n\n\n<h2 class=\"wp-block-heading\" style=\"padding-right:0px;padding-left:0px\">Conseils adoption<\/h2>\n\n\n\n<p>Adopter un chien est un engagement \u00e0 vie, il convient donc de bien r\u00e9fl\u00e9chir avant de prendre une d\u00e9cision afin de mettre toutes les chances de votre c\u00f4t\u00e9 pour avoir une relation \u00e9panouie avec votre futur compagnon. Je vous conseille sur le choix de la race en fonction de votre mode de vie, sur l&rsquo;installation au sein de votre foyer et je vous guide pour que les premiers jours avec votre animal se passent en douceur, qu&rsquo;il s&rsquo;agisse d&rsquo;un chiot ou d&rsquo;un adulte.<\/p>\n\n\n\n<p><\/p>\n\n\n\n<h2 class=\"wp-block-heading\">R\u00e9cr\u00e9a&rsquo;chiots  <strong>(Actuellement en pause)<\/strong><\/h2>\n\n\n\n<p><strong>S\u00e9ances collectives pour les chiots de 2 \u00e0 6 mois \u00e0 jour de leurs vaccins incluant la toux du chenil<\/strong>.<\/p>\n\n\n\n<p>Les cours ont lieu \u00e0 Roussillon le samedi de 14h \u00e0 15h ainsi que le mercredi. D&rsquo;autres cr\u00e9neaux peuvent \u00eatre mis en place en fonction de la demande.<\/p>\n\n\n\n<p>Ces rencontres permettent \u00e0 votre chiot de se socialiser au contact de ses petits camarades tout en renfor\u00e7ant votre lien. En le guidant dans des ateliers ludiques, vous allez apprendre \u00e0 interagir avec lui pour lui donner confiance et ces moments d&rsquo;\u00e9change vous permettront de mieux appr\u00e9hender ses \u00e9motions pour mieux y r\u00e9pondre. L&rsquo;essentiel \u00e9tant que chacun y prenne du plaisir, les chiots comme les r\u00e9f\u00e9rents.<\/p>\n\n\n\n<p><\/p>\n\n\n\n<h2 class=\"wp-block-heading\">Balades \u00e9ducatives<\/h2>\n\n\n\n<p>Promenade individuelle d&rsquo;une heure pendant laquelle on travaille la gestion de l&rsquo;environnement, le rappel et l&rsquo;\u00e9coute sans oublier le jeu.<\/p>\n\n\n\n<p><\/p>\n\n\n\n<h2 class=\"wp-block-heading\">Visites \u00e0 domicile<\/h2>\n\n\n\n<p>Pendant vos absences, je me d\u00e9place \u00e0 votre domicile pour nourrir votre chien, le sortir et jouer avec lui. Les tarifs varient en fonction de la dur\u00e9e de la visite et de la distance jusqu&rsquo;\u00e0 votre domicile.  <\/p>\n\n\n\n<h2 class=\"wp-block-heading\"><\/h2>\n\n\n\n<h2 class=\"wp-block-heading\"><\/h2>\n","protected":false},"excerpt":{"rendered":"<p>Bilan comportemental Il s&rsquo;agit d&rsquo;un entretien \u00e0 votre domicile indispensable avant la mise en place d&rsquo;un programme \u00e9ducatif. Il permet de conna\u00eetre les conditions d&rsquo;\u00e9levage et de d\u00e9veloppement du chien, ses conditions de vie au sein du foyer, les probl\u00e9matiques rencontr\u00e9es ainsi que vos attentes. A partir de ces informations, je vous proposerai un plan&hellip; <a class=\"more-link\" href=\"https:\/\/lamainalapatte38.com\/index.php\/services\/\">Poursuivre la lecture <span class=\"screen-reader-text\">Prestations<\/span><\/a><\/p>\n","protected":false},"author":1,"featured_media":0,"parent":0,"menu_order":0,"comment_status":"closed","ping_status":"closed","template":"","meta":{"footnotes":""},"_links":{"self":[{"href":"https:\/\/lamainalapatte38.com\/index.php\/wp-json\/wp\/v2\/pages\/35"}],"collection":[{"href":"https:\/\/lamainalapatte38.com\/index.php\/wp-json\/wp\/v2\/pages"}],"about":[{"href":"https:\/\/lamainalapatte38.com\/index.php\/wp-json\/wp\/v2\/types\/page"}],"author":[{"embeddable":true,"href":"https:\/\/lamainalapatte38.com\/index.php\/wp-json\/wp\/v2\/users\/1"}],"replies":[{"embeddable":true,"href":"https:\/\/lamainalapatte38.com\/index.php\/wp-json\/wp\/v2\/comments?post=35"}],"version-history":[{"count":18,"href":"https:\/\/lamainalapatte38.com\/index.php\/wp-json\/wp\/v2\/pages\/35\/revisions"}],"predecessor-version":[{"id":248,"href":"https:\/\/lamainalapatte38.com\/index.php\/wp-json\/wp\/v2\/pages\/35\/revisions\/248"}],"wp:attachment":[{"href":"https:\/\/lamainalapatte38.com\/index.php\/wp-json\/wp\/v2\/media?parent=35"}],"curies":[{"name":"wp","href":"https:\/\/api.w.org\/{rel}","templated":true}]}}